{"id":104,"date":"2025-12-23T09:23:35","date_gmt":"2025-12-23T09:23:35","guid":{"rendered":"https:\/\/manisaumuthanevdeneve.com.tr\/?page_id=104"},"modified":"2025-12-23T10:00:57","modified_gmt":"2025-12-23T10:00:57","slug":"iletisim","status":"publish","type":"page","link":"https:\/\/manisaumuthanevdeneve.com.tr\/index.php\/iletisim\/","title":{"rendered":"\u0130leti\u015fim"},"content":{"rendered":"<p><img  title=\"\" loading=\"lazy\" decoding=\"async\" class=\"wp-image-126 alignleft\" src=\"https:\/\/manisaumuthanevdeneve.com.tr\/wp-content\/uploads\/2025\/12\/iletisim.jpg\"  alt=\"iletisim \u0130leti\u015fim\"  width=\"558\" height=\"154\" srcset=\"https:\/\/manisaumuthanevdeneve.com.tr\/wp-content\/uploads\/2025\/12\/iletisim.jpg 1920w, https:\/\/manisaumuthanevdeneve.com.tr\/wp-content\/uploads\/2025\/12\/iletisim-300x83.jpg 300w, https:\/\/manisaumuthanevdeneve.com.tr\/wp-content\/uploads\/2025\/12\/iletisim-1024x283.jpg 1024w, https:\/\/manisaumuthanevdeneve.com.tr\/wp-content\/uploads\/2025\/12\/iletisim-768x212.jpg 768w, https:\/\/manisaumuthanevdeneve.com.tr\/wp-content\/uploads\/2025\/12\/iletisim-1536x424.jpg 1536w\" sizes=\"auto, (max-width: 558px) 100vw, 558px\" \/><\/p>\n<p>&nbsp;<\/p>\n<p>&nbsp;<\/p>\n<p>&nbsp;<\/p>\n<p>&nbsp;<\/p>\n<p>&nbsp;<\/p>\n<p>Manisa da evden eve ve ofis ta\u015f\u0131mac\u0131l\u0131\u011f\u0131nda \u00f6nc\u00fc firma<br \/>\n<strong><em>Adres:<\/em><\/strong><em> Mare\u015fal Fevzi \u00c7akmak Mh. \u015eehit K\u00fcme Evleri No:10 Yunusemre\/Manisa<br \/>\n<strong>GSM:<\/strong> <a href=\"tel:05300994549\">0530 099 4549<\/a><\/em><\/p>\n<div class=\"everest-forms\"><div class=\"evf-container default\" id=\"evf-103\"><form id=\"evf-form-103\" class=\"everest-form\" data-formid=\"103\" data-ajax_submission=\"0\" data-keyboard_friendly_form=\"0\" data-form_state_type=\"\" method=\"post\" enctype=\"multipart\/form-data\" action=\"\/index.php\/wp-json\/wp\/v2\/pages\/104\"><div class=\"evf-field-container\"><input type=\"hidden\" id=\"_wpnonce103\" name=\"_wpnonce103\" value=\"4348d4abce\" \/><input type=\"hidden\" name=\"_wp_http_referer\" value=\"\/index.php\/wp-json\/wp\/v2\/pages\/104\" \/><div class=\"evf-frontend-row\" data-row=\"row_1\" conditional_rules=\"[]\"><div class=\"evf-frontend-grid evf-grid-1\" data-grid=\"grid_1\"><div id=\"evf-103-field_fullname-container\" class=\"evf-field evf-field-text form-row validate-required\" data-required-field-message=\"This field is required.\" data-field-id=\"fullname\"><label class=\"evf-field-label\" for=\"evf-103-field_fullname\"><span class=\"evf-label\">Ad\/Soyad<\/span> <abbr class=\"required\" title=\"Required\">*<\/abbr><\/label><input type=\"text\" id=\"evf-103-field_fullname\" class=\"input-text\" name=\"everest_forms[form_fields][fullname]\" required><\/div><div id=\"evf-103-field_email-container\" class=\"evf-field evf-field-email form-row validate-required validate-email\" data-required-field-message=\"Please enter a valid email address.\" data-field-id=\"email\"><label class=\"evf-field-label\" for=\"evf-103-field_email\"><span class=\"evf-label\">Email<\/span> <abbr class=\"required\" title=\"Required\">*<\/abbr><\/label><input type=\"email\" id=\"evf-103-field_email\" class=\"input-text\" name=\"everest_forms[form_fields][email]\" required ><\/div><div id=\"evf-103-field_subject-container\" class=\"evf-field evf-field-text form-row validate-required\" data-required-field-message=\"This field is required.\" data-field-id=\"subject\"><label class=\"evf-field-label\" for=\"evf-103-field_subject\"><span class=\"evf-label\">Konu<\/span> <abbr class=\"required\" title=\"Required\">*<\/abbr><\/label><input type=\"text\" id=\"evf-103-field_subject\" class=\"input-text\" name=\"everest_forms[form_fields][subject]\" required><\/div><div id=\"evf-103-field_message-container\" class=\"evf-field evf-field-textarea form-row\" data-field-id=\"message\"><label class=\"evf-field-label\" for=\"evf-103-field_message\"><span class=\"evf-label\">Mesaj\u0131n\u0131z<\/span> <\/label><textarea id=\"evf-103-field_message\" class=\"input-text\" name=\"everest_forms[form_fields][message]\"  ><\/textarea><\/div><\/div><\/div><\/div><div class=\"evf-honeypot-container evf-field-hp\"><label for=\"evf-103-field-hp\" class=\"evf-field-label\">Message<\/label><input type=\"text\" name=\"everest_forms[hp]\" id=\"evf-103-field-hp\" class=\"input-text\"><\/div><div class=\"evf-submit-container \" ><input type=\"hidden\" name=\"everest_forms[id]\" value=\"103\"><input type=\"hidden\" name=\"everest_forms[author]\" value=\"1\"><button type='submit' name='everest_forms[submit]' class='everest-forms-submit-button button evf-submit ' id='evf-submit-103' value='evf-submit' data-process-text=\"G\u00f6nderiliyor...\" conditional_rules='&quot;&quot;' conditional_id='evf-submit-103'  id=\"evf-submit-103\" aria-live=\"assertive\">G\u00f6nder<\/button><\/div><\/form><\/div><!-- .evf-container --><\/div>\n","protected":false},"excerpt":{"rendered":"<p>&nbsp; &nbsp; &nbsp; &nbsp; &nbsp; Manisa da evden eve ve ofis ta\u015f\u0131mac\u0131l\u0131\u011f\u0131nda \u00f6nc\u00fc firma Adres: Mare\u015fal Fevzi \u00c7akmak Mh. \u015eehit K\u00fcme Evleri No:10 Yunusemre\/Manisa GSM: 0530 099 4549<\/p>\n","protected":false},"author":1,"featured_media":0,"parent":0,"menu_order":0,"comment_status":"closed","ping_status":"closed","template":"","meta":{"footnotes":""},"class_list":["post-104","page","type-page","status-publish","hentry"],"yoast_head":"<!-- This site is optimized with the Yoast SEO plugin v27.0 - https:\/\/yoast.com\/product\/yoast-seo-wordpress\/ -->\n<title>\u0130leti\u015fim - Manisa Umuthan Nakliyat<\/title>\n<meta name=\"robots\" content=\"index, follow, max-snippet:-1, max-image-preview:large, max-video-preview:-1\" \/>\n<link rel=\"canonical\" href=\"https:\/\/manisaumuthanevdeneve.com.tr\/index.php\/iletisim\/\" \/>\n<meta property=\"og:locale\" content=\"tr_TR\" \/>\n<meta property=\"og:type\" content=\"article\" \/>\n<meta property=\"og:title\" content=\"\u0130leti\u015fim - Manisa Umuthan Nakliyat\" \/>\n<meta property=\"og:description\" content=\"&nbsp; &nbsp; &nbsp; &nbsp; &nbsp; Manisa da evden eve ve ofis ta\u015f\u0131mac\u0131l\u0131\u011f\u0131nda \u00f6nc\u00fc firma Adres: Mare\u015fal Fevzi \u00c7akmak Mh. \u015eehit K\u00fcme Evleri No:10 Yunusemre\/Manisa GSM: 0530 099 4549\" \/>\n<meta property=\"og:url\" content=\"https:\/\/manisaumuthanevdeneve.com.tr\/index.php\/iletisim\/\" \/>\n<meta property=\"og:site_name\" content=\"Manisa Umuthan Nakliyat\" \/>\n<meta property=\"article:modified_time\" content=\"2025-12-23T10:00:57+00:00\" \/>\n<meta property=\"og:image\" content=\"https:\/\/manisaumuthanevdeneve.com.tr\/wp-content\/uploads\/2025\/12\/iletisim.jpg\" \/>\n\t<meta property=\"og:image:width\" content=\"1920\" \/>\n\t<meta property=\"og:image:height\" content=\"530\" \/>\n\t<meta property=\"og:image:type\" content=\"image\/jpeg\" \/>\n<meta name=\"twitter:card\" content=\"summary_large_image\" \/>\n<meta name=\"twitter:label1\" content=\"Tahmini okuma s\u00fcresi\" \/>\n\t<meta name=\"twitter:data1\" content=\"1 dakika\" \/>\n<script type=\"application\/ld+json\" class=\"yoast-schema-graph\">{\"@context\":\"https:\/\/schema.org\",\"@graph\":[{\"@type\":\"WebPage\",\"@id\":\"https:\/\/manisaumuthanevdeneve.com.tr\/index.php\/iletisim\/\",\"url\":\"https:\/\/manisaumuthanevdeneve.com.tr\/index.php\/iletisim\/\",\"name\":\"\u0130leti\u015fim - Manisa Umuthan Nakliyat\",\"isPartOf\":{\"@id\":\"https:\/\/manisaumuthanevdeneve.com.tr\/#website\"},\"primaryImageOfPage\":{\"@id\":\"https:\/\/manisaumuthanevdeneve.com.tr\/index.php\/iletisim\/#primaryimage\"},\"image\":{\"@id\":\"https:\/\/manisaumuthanevdeneve.com.tr\/index.php\/iletisim\/#primaryimage\"},\"thumbnailUrl\":\"https:\/\/manisaumuthanevdeneve.com.tr\/wp-content\/uploads\/2025\/12\/iletisim.jpg\",\"datePublished\":\"2025-12-23T09:23:35+00:00\",\"dateModified\":\"2025-12-23T10:00:57+00:00\",\"breadcrumb\":{\"@id\":\"https:\/\/manisaumuthanevdeneve.com.tr\/index.php\/iletisim\/#breadcrumb\"},\"inLanguage\":\"tr\",\"potentialAction\":[{\"@type\":\"ReadAction\",\"target\":[\"https:\/\/manisaumuthanevdeneve.com.tr\/index.php\/iletisim\/\"]}]},{\"@type\":\"ImageObject\",\"inLanguage\":\"tr\",\"@id\":\"https:\/\/manisaumuthanevdeneve.com.tr\/index.php\/iletisim\/#primaryimage\",\"url\":\"https:\/\/manisaumuthanevdeneve.com.tr\/wp-content\/uploads\/2025\/12\/iletisim.jpg\",\"contentUrl\":\"https:\/\/manisaumuthanevdeneve.com.tr\/wp-content\/uploads\/2025\/12\/iletisim.jpg\",\"width\":1920,\"height\":530},{\"@type\":\"BreadcrumbList\",\"@id\":\"https:\/\/manisaumuthanevdeneve.com.tr\/index.php\/iletisim\/#breadcrumb\",\"itemListElement\":[{\"@type\":\"ListItem\",\"position\":1,\"name\":\"Anasayfa\",\"item\":\"https:\/\/manisaumuthanevdeneve.com.tr\/\"},{\"@type\":\"ListItem\",\"position\":2,\"name\":\"\u0130leti\u015fim\"}]},{\"@type\":\"WebSite\",\"@id\":\"https:\/\/manisaumuthanevdeneve.com.tr\/#website\",\"url\":\"https:\/\/manisaumuthanevdeneve.com.tr\/\",\"name\":\"Manisa Umuthan Nakliyat\",\"description\":\"\",\"publisher\":{\"@id\":\"https:\/\/manisaumuthanevdeneve.com.tr\/#organization\"},\"potentialAction\":[{\"@type\":\"SearchAction\",\"target\":{\"@type\":\"EntryPoint\",\"urlTemplate\":\"https:\/\/manisaumuthanevdeneve.com.tr\/?s={search_term_string}\"},\"query-input\":{\"@type\":\"PropertyValueSpecification\",\"valueRequired\":true,\"valueName\":\"search_term_string\"}}],\"inLanguage\":\"tr\"},{\"@type\":\"Organization\",\"@id\":\"https:\/\/manisaumuthanevdeneve.com.tr\/#organization\",\"name\":\"Manisa Umuthan Nakliyat\",\"url\":\"https:\/\/manisaumuthanevdeneve.com.tr\/\",\"logo\":{\"@type\":\"ImageObject\",\"inLanguage\":\"tr\",\"@id\":\"https:\/\/manisaumuthanevdeneve.com.tr\/#\/schema\/logo\/image\/\",\"url\":\"https:\/\/manisaumuthanevdeneve.com.tr\/wp-content\/uploads\/2025\/12\/umuthan-logo-300x55-1.png\",\"contentUrl\":\"https:\/\/manisaumuthanevdeneve.com.tr\/wp-content\/uploads\/2025\/12\/umuthan-logo-300x55-1.png\",\"width\":300,\"height\":55,\"caption\":\"Manisa Umuthan Nakliyat\"},\"image\":{\"@id\":\"https:\/\/manisaumuthanevdeneve.com.tr\/#\/schema\/logo\/image\/\"}}]}<\/script>\n<!-- \/ Yoast SEO plugin. -->","yoast_head_json":{"title":"\u0130leti\u015fim - Manisa Umuthan Nakliyat","robots":{"index":"index","follow":"follow","max-snippet":"max-snippet:-1","max-image-preview":"max-image-preview:large","max-video-preview":"max-video-preview:-1"},"canonical":"https:\/\/manisaumuthanevdeneve.com.tr\/index.php\/iletisim\/","og_locale":"tr_TR","og_type":"article","og_title":"\u0130leti\u015fim - Manisa Umuthan Nakliyat","og_description":"&nbsp; &nbsp; &nbsp; &nbsp; &nbsp; Manisa da evden eve ve ofis ta\u015f\u0131mac\u0131l\u0131\u011f\u0131nda \u00f6nc\u00fc firma Adres: Mare\u015fal Fevzi \u00c7akmak Mh. \u015eehit K\u00fcme Evleri No:10 Yunusemre\/Manisa GSM: 0530 099 4549","og_url":"https:\/\/manisaumuthanevdeneve.com.tr\/index.php\/iletisim\/","og_site_name":"Manisa Umuthan Nakliyat","article_modified_time":"2025-12-23T10:00:57+00:00","og_image":[{"width":1920,"height":530,"url":"https:\/\/manisaumuthanevdeneve.com.tr\/wp-content\/uploads\/2025\/12\/iletisim.jpg","type":"image\/jpeg"}],"twitter_card":"summary_large_image","twitter_misc":{"Tahmini okuma s\u00fcresi":"1 dakika"},"schema":{"@context":"https:\/\/schema.org","@graph":[{"@type":"WebPage","@id":"https:\/\/manisaumuthanevdeneve.com.tr\/index.php\/iletisim\/","url":"https:\/\/manisaumuthanevdeneve.com.tr\/index.php\/iletisim\/","name":"\u0130leti\u015fim - Manisa Umuthan Nakliyat","isPartOf":{"@id":"https:\/\/manisaumuthanevdeneve.com.tr\/#website"},"primaryImageOfPage":{"@id":"https:\/\/manisaumuthanevdeneve.com.tr\/index.php\/iletisim\/#primaryimage"},"image":{"@id":"https:\/\/manisaumuthanevdeneve.com.tr\/index.php\/iletisim\/#primaryimage"},"thumbnailUrl":"https:\/\/manisaumuthanevdeneve.com.tr\/wp-content\/uploads\/2025\/12\/iletisim.jpg","datePublished":"2025-12-23T09:23:35+00:00","dateModified":"2025-12-23T10:00:57+00:00","breadcrumb":{"@id":"https:\/\/manisaumuthanevdeneve.com.tr\/index.php\/iletisim\/#breadcrumb"},"inLanguage":"tr","potentialAction":[{"@type":"ReadAction","target":["https:\/\/manisaumuthanevdeneve.com.tr\/index.php\/iletisim\/"]}]},{"@type":"ImageObject","inLanguage":"tr","@id":"https:\/\/manisaumuthanevdeneve.com.tr\/index.php\/iletisim\/#primaryimage","url":"https:\/\/manisaumuthanevdeneve.com.tr\/wp-content\/uploads\/2025\/12\/iletisim.jpg","contentUrl":"https:\/\/manisaumuthanevdeneve.com.tr\/wp-content\/uploads\/2025\/12\/iletisim.jpg","width":1920,"height":530},{"@type":"BreadcrumbList","@id":"https:\/\/manisaumuthanevdeneve.com.tr\/index.php\/iletisim\/#breadcrumb","itemListElement":[{"@type":"ListItem","position":1,"name":"Anasayfa","item":"https:\/\/manisaumuthanevdeneve.com.tr\/"},{"@type":"ListItem","position":2,"name":"\u0130leti\u015fim"}]},{"@type":"WebSite","@id":"https:\/\/manisaumuthanevdeneve.com.tr\/#website","url":"https:\/\/manisaumuthanevdeneve.com.tr\/","name":"Manisa Umuthan Nakliyat","description":"","publisher":{"@id":"https:\/\/manisaumuthanevdeneve.com.tr\/#organization"},"potentialAction":[{"@type":"SearchAction","target":{"@type":"EntryPoint","urlTemplate":"https:\/\/manisaumuthanevdeneve.com.tr\/?s={search_term_string}"},"query-input":{"@type":"PropertyValueSpecification","valueRequired":true,"valueName":"search_term_string"}}],"inLanguage":"tr"},{"@type":"Organization","@id":"https:\/\/manisaumuthanevdeneve.com.tr\/#organization","name":"Manisa Umuthan Nakliyat","url":"https:\/\/manisaumuthanevdeneve.com.tr\/","logo":{"@type":"ImageObject","inLanguage":"tr","@id":"https:\/\/manisaumuthanevdeneve.com.tr\/#\/schema\/logo\/image\/","url":"https:\/\/manisaumuthanevdeneve.com.tr\/wp-content\/uploads\/2025\/12\/umuthan-logo-300x55-1.png","contentUrl":"https:\/\/manisaumuthanevdeneve.com.tr\/wp-content\/uploads\/2025\/12\/umuthan-logo-300x55-1.png","width":300,"height":55,"caption":"Manisa Umuthan Nakliyat"},"image":{"@id":"https:\/\/manisaumuthanevdeneve.com.tr\/#\/schema\/logo\/image\/"}}]}},"_links":{"self":[{"href":"https:\/\/manisaumuthanevdeneve.com.tr\/index.php\/wp-json\/wp\/v2\/pages\/104","targetHints":{"allow":["GET"]}}],"collection":[{"href":"https:\/\/manisaumuthanevdeneve.com.tr\/index.php\/wp-json\/wp\/v2\/pages"}],"about":[{"href":"https:\/\/manisaumuthanevdeneve.com.tr\/index.php\/wp-json\/wp\/v2\/types\/page"}],"author":[{"embeddable":true,"href":"https:\/\/manisaumuthanevdeneve.com.tr\/index.php\/wp-json\/wp\/v2\/users\/1"}],"replies":[{"embeddable":true,"href":"https:\/\/manisaumuthanevdeneve.com.tr\/index.php\/wp-json\/wp\/v2\/comments?post=104"}],"version-history":[{"count":3,"href":"https:\/\/manisaumuthanevdeneve.com.tr\/index.php\/wp-json\/wp\/v2\/pages\/104\/revisions"}],"predecessor-version":[{"id":166,"href":"https:\/\/manisaumuthanevdeneve.com.tr\/index.php\/wp-json\/wp\/v2\/pages\/104\/revisions\/166"}],"wp:attachment":[{"href":"https:\/\/manisaumuthanevdeneve.com.tr\/index.php\/wp-json\/wp\/v2\/media?parent=104"}],"curies":[{"name":"wp","href":"https:\/\/api.w.org\/{rel}","templated":true}]}}