{"id":99,"date":"2025-12-22T17:39:51","date_gmt":"2025-12-22T17:39:51","guid":{"rendered":"https:\/\/manisaumuthanevdeneve.com.tr\/?page_id=99"},"modified":"2025-12-23T08:24:45","modified_gmt":"2025-12-23T08:24:45","slug":"anasayfa","status":"publish","type":"page","link":"https:\/\/manisaumuthanevdeneve.com.tr\/","title":{"rendered":"Anasayfa"},"content":{"rendered":"","protected":false},"excerpt":{"rendered":"","protected":false},"author":1,"featured_media":50,"parent":0,"menu_order":0,"comment_status":"closed","ping_status":"closed","template":"front-page.php","meta":{"footnotes":""},"class_list":["post-99","page","type-page","status-publish","has-post-thumbnail","hentry"],"yoast_head":"<!-- This site is optimized with the Yoast SEO plugin v27.0 - https:\/\/yoast.com\/product\/yoast-seo-wordpress\/ -->\n<title>Manisa Umuthan Nakliyat | Evden Eve Ta\u015f\u0131mac\u0131l\u0131k<\/title>\n<meta name=\"description\" content=\"Manisa Umuthan Nakliyat ile g\u00fcvenli evden eve ta\u015f\u0131mac\u0131l\u0131k. Sigortal\u0131, ambalajl\u0131, h\u0131zl\u0131 nakliyat hizmeti i\u00e7in hemen aray\u0131n: 0530 099 4549\" \/>\n<meta name=\"robots\" content=\"index, follow, max-snippet:-1, max-image-preview:large, max-video-preview:-1\" \/>\n<link rel=\"canonical\" href=\"https:\/\/manisaumuthanevdeneve.com.tr\/\" \/>\n<meta property=\"og:locale\" content=\"tr_TR\" \/>\n<meta property=\"og:type\" content=\"article\" \/>\n<meta property=\"og:title\" content=\"Manisa Umuthan Nakliyat | Evden Eve Ta\u015f\u0131mac\u0131l\u0131k\" \/>\n<meta property=\"og:description\" content=\"Manisa Umuthan Nakliyat ile g\u00fcvenli evden eve ta\u015f\u0131mac\u0131l\u0131k. Sigortal\u0131, ambalajl\u0131, h\u0131zl\u0131 nakliyat hizmeti i\u00e7in hemen aray\u0131n: 0530 099 4549\" \/>\n<meta property=\"og:url\" content=\"https:\/\/manisaumuthanevdeneve.com.tr\/\" \/>\n<meta property=\"og:site_name\" content=\"Manisa Umuthan Nakliyat\" \/>\n<meta property=\"article:modified_time\" content=\"2025-12-23T08:24:45+00:00\" \/>\n<meta property=\"og:image\" content=\"https:\/\/manisaumuthanevdeneve.com.tr\/wp-content\/uploads\/2025\/12\/umuthan-nakliyat-1.png\" \/>\n\t<meta property=\"og:image:width\" content=\"1536\" \/>\n\t<meta property=\"og:image:height\" content=\"1024\" \/>\n\t<meta property=\"og:image:type\" content=\"image\/png\" \/>\n<meta name=\"twitter:card\" content=\"summary_large_image\" \/>\n<meta name=\"twitter:label1\" content=\"Tahmini okuma s\u00fcresi\" \/>\n\t<meta name=\"twitter:data1\" content=\"1 dakika\" \/>\n<script type=\"application\/ld+json\" class=\"yoast-schema-graph\">{\"@context\":\"https:\/\/schema.org\",\"@graph\":[{\"@type\":\"WebPage\",\"@id\":\"https:\/\/manisaumuthanevdeneve.com.tr\/\",\"url\":\"https:\/\/manisaumuthanevdeneve.com.tr\/\",\"name\":\"Manisa Umuthan Nakliyat | Evden Eve Ta\u015f\u0131mac\u0131l\u0131k\",\"isPartOf\":{\"@id\":\"https:\/\/manisaumuthanevdeneve.com.tr\/#website\"},\"primaryImageOfPage\":{\"@id\":\"https:\/\/manisaumuthanevdeneve.com.tr\/#primaryimage\"},\"image\":{\"@id\":\"https:\/\/manisaumuthanevdeneve.com.tr\/#primaryimage\"},\"thumbnailUrl\":\"https:\/\/manisaumuthanevdeneve.com.tr\/wp-content\/uploads\/2025\/12\/umuthan-nakliyat-1.png\",\"datePublished\":\"2025-12-22T17:39:51+00:00\",\"dateModified\":\"2025-12-23T08:24:45+00:00\",\"description\":\"Manisa Umuthan Nakliyat ile g\u00fcvenli evden eve ta\u015f\u0131mac\u0131l\u0131k. Sigortal\u0131, ambalajl\u0131, h\u0131zl\u0131 nakliyat hizmeti i\u00e7in hemen aray\u0131n: 0530 099 4549\",\"breadcrumb\":{\"@id\":\"https:\/\/manisaumuthanevdeneve.com.tr\/#breadcrumb\"},\"inLanguage\":\"tr\",\"potentialAction\":[{\"@type\":\"ReadAction\",\"target\":[\"https:\/\/manisaumuthanevdeneve.com.tr\/\"]}]},{\"@type\":\"ImageObject\",\"inLanguage\":\"tr\",\"@id\":\"https:\/\/manisaumuthanevdeneve.com.tr\/#primaryimage\",\"url\":\"https:\/\/manisaumuthanevdeneve.com.tr\/wp-content\/uploads\/2025\/12\/umuthan-nakliyat-1.png\",\"contentUrl\":\"https:\/\/manisaumuthanevdeneve.com.tr\/wp-content\/uploads\/2025\/12\/umuthan-nakliyat-1.png\",\"width\":1536,\"height\":1024},{\"@type\":\"BreadcrumbList\",\"@id\":\"https:\/\/manisaumuthanevdeneve.com.tr\/#breadcrumb\",\"itemListElement\":[{\"@type\":\"ListItem\",\"position\":1,\"name\":\"Anasayfa\",\"item\":\"https:\/\/manisaumuthanevdeneve.com.tr\/\"},{\"@type\":\"ListItem\",\"position\":2,\"name\":\"Anasayfa\"}]},{\"@type\":\"WebSite\",\"@id\":\"https:\/\/manisaumuthanevdeneve.com.tr\/#website\",\"url\":\"https:\/\/manisaumuthanevdeneve.com.tr\/\",\"name\":\"Manisa Umuthan Nakliyat\",\"description\":\"\",\"publisher\":{\"@id\":\"https:\/\/manisaumuthanevdeneve.com.tr\/#organization\"},\"potentialAction\":[{\"@type\":\"SearchAction\",\"target\":{\"@type\":\"EntryPoint\",\"urlTemplate\":\"https:\/\/manisaumuthanevdeneve.com.tr\/?s={search_term_string}\"},\"query-input\":{\"@type\":\"PropertyValueSpecification\",\"valueRequired\":true,\"valueName\":\"search_term_string\"}}],\"inLanguage\":\"tr\"},{\"@type\":\"Organization\",\"@id\":\"https:\/\/manisaumuthanevdeneve.com.tr\/#organization\",\"name\":\"Manisa Umuthan Nakliyat\",\"url\":\"https:\/\/manisaumuthanevdeneve.com.tr\/\",\"logo\":{\"@type\":\"ImageObject\",\"inLanguage\":\"tr\",\"@id\":\"https:\/\/manisaumuthanevdeneve.com.tr\/#\/schema\/logo\/image\/\",\"url\":\"https:\/\/manisaumuthanevdeneve.com.tr\/wp-content\/uploads\/2025\/12\/umuthan-logo-300x55-1.png\",\"contentUrl\":\"https:\/\/manisaumuthanevdeneve.com.tr\/wp-content\/uploads\/2025\/12\/umuthan-logo-300x55-1.png\",\"width\":300,\"height\":55,\"caption\":\"Manisa Umuthan Nakliyat\"},\"image\":{\"@id\":\"https:\/\/manisaumuthanevdeneve.com.tr\/#\/schema\/logo\/image\/\"}}]}<\/script>\n<!-- \/ Yoast SEO plugin. -->","yoast_head_json":{"title":"Manisa Umuthan Nakliyat | Evden Eve Ta\u015f\u0131mac\u0131l\u0131k","description":"Manisa Umuthan Nakliyat ile g\u00fcvenli evden eve ta\u015f\u0131mac\u0131l\u0131k. Sigortal\u0131, ambalajl\u0131, h\u0131zl\u0131 nakliyat hizmeti i\u00e7in hemen aray\u0131n: 0530 099 4549","robots":{"index":"index","follow":"follow","max-snippet":"max-snippet:-1","max-image-preview":"max-image-preview:large","max-video-preview":"max-video-preview:-1"},"canonical":"https:\/\/manisaumuthanevdeneve.com.tr\/","og_locale":"tr_TR","og_type":"article","og_title":"Manisa Umuthan Nakliyat | Evden Eve Ta\u015f\u0131mac\u0131l\u0131k","og_description":"Manisa Umuthan Nakliyat ile g\u00fcvenli evden eve ta\u015f\u0131mac\u0131l\u0131k. Sigortal\u0131, ambalajl\u0131, h\u0131zl\u0131 nakliyat hizmeti i\u00e7in hemen aray\u0131n: 0530 099 4549","og_url":"https:\/\/manisaumuthanevdeneve.com.tr\/","og_site_name":"Manisa Umuthan Nakliyat","article_modified_time":"2025-12-23T08:24:45+00:00","og_image":[{"width":1536,"height":1024,"url":"https:\/\/manisaumuthanevdeneve.com.tr\/wp-content\/uploads\/2025\/12\/umuthan-nakliyat-1.png","type":"image\/png"}],"twitter_card":"summary_large_image","twitter_misc":{"Tahmini okuma s\u00fcresi":"1 dakika"},"schema":{"@context":"https:\/\/schema.org","@graph":[{"@type":"WebPage","@id":"https:\/\/manisaumuthanevdeneve.com.tr\/","url":"https:\/\/manisaumuthanevdeneve.com.tr\/","name":"Manisa Umuthan Nakliyat | Evden Eve Ta\u015f\u0131mac\u0131l\u0131k","isPartOf":{"@id":"https:\/\/manisaumuthanevdeneve.com.tr\/#website"},"primaryImageOfPage":{"@id":"https:\/\/manisaumuthanevdeneve.com.tr\/#primaryimage"},"image":{"@id":"https:\/\/manisaumuthanevdeneve.com.tr\/#primaryimage"},"thumbnailUrl":"https:\/\/manisaumuthanevdeneve.com.tr\/wp-content\/uploads\/2025\/12\/umuthan-nakliyat-1.png","datePublished":"2025-12-22T17:39:51+00:00","dateModified":"2025-12-23T08:24:45+00:00","description":"Manisa Umuthan Nakliyat ile g\u00fcvenli evden eve ta\u015f\u0131mac\u0131l\u0131k. Sigortal\u0131, ambalajl\u0131, h\u0131zl\u0131 nakliyat hizmeti i\u00e7in hemen aray\u0131n: 0530 099 4549","breadcrumb":{"@id":"https:\/\/manisaumuthanevdeneve.com.tr\/#breadcrumb"},"inLanguage":"tr","potentialAction":[{"@type":"ReadAction","target":["https:\/\/manisaumuthanevdeneve.com.tr\/"]}]},{"@type":"ImageObject","inLanguage":"tr","@id":"https:\/\/manisaumuthanevdeneve.com.tr\/#primaryimage","url":"https:\/\/manisaumuthanevdeneve.com.tr\/wp-content\/uploads\/2025\/12\/umuthan-nakliyat-1.png","contentUrl":"https:\/\/manisaumuthanevdeneve.com.tr\/wp-content\/uploads\/2025\/12\/umuthan-nakliyat-1.png","width":1536,"height":1024},{"@type":"BreadcrumbList","@id":"https:\/\/manisaumuthanevdeneve.com.tr\/#breadcrumb","itemListElement":[{"@type":"ListItem","position":1,"name":"Anasayfa","item":"https:\/\/manisaumuthanevdeneve.com.tr\/"},{"@type":"ListItem","position":2,"name":"Anasayfa"}]},{"@type":"WebSite","@id":"https:\/\/manisaumuthanevdeneve.com.tr\/#website","url":"https:\/\/manisaumuthanevdeneve.com.tr\/","name":"Manisa Umuthan Nakliyat","description":"","publisher":{"@id":"https:\/\/manisaumuthanevdeneve.com.tr\/#organization"},"potentialAction":[{"@type":"SearchAction","target":{"@type":"EntryPoint","urlTemplate":"https:\/\/manisaumuthanevdeneve.com.tr\/?s={search_term_string}"},"query-input":{"@type":"PropertyValueSpecification","valueRequired":true,"valueName":"search_term_string"}}],"inLanguage":"tr"},{"@type":"Organization","@id":"https:\/\/manisaumuthanevdeneve.com.tr\/#organization","name":"Manisa Umuthan Nakliyat","url":"https:\/\/manisaumuthanevdeneve.com.tr\/","logo":{"@type":"ImageObject","inLanguage":"tr","@id":"https:\/\/manisaumuthanevdeneve.com.tr\/#\/schema\/logo\/image\/","url":"https:\/\/manisaumuthanevdeneve.com.tr\/wp-content\/uploads\/2025\/12\/umuthan-logo-300x55-1.png","contentUrl":"https:\/\/manisaumuthanevdeneve.com.tr\/wp-content\/uploads\/2025\/12\/umuthan-logo-300x55-1.png","width":300,"height":55,"caption":"Manisa Umuthan Nakliyat"},"image":{"@id":"https:\/\/manisaumuthanevdeneve.com.tr\/#\/schema\/logo\/image\/"}}]}},"_links":{"self":[{"href":"https:\/\/manisaumuthanevdeneve.com.tr\/index.php\/wp-json\/wp\/v2\/pages\/99","targetHints":{"allow":["GET"]}}],"collection":[{"href":"https:\/\/manisaumuthanevdeneve.com.tr\/index.php\/wp-json\/wp\/v2\/pages"}],"about":[{"href":"https:\/\/manisaumuthanevdeneve.com.tr\/index.php\/wp-json\/wp\/v2\/types\/page"}],"author":[{"embeddable":true,"href":"https:\/\/manisaumuthanevdeneve.com.tr\/index.php\/wp-json\/wp\/v2\/users\/1"}],"replies":[{"embeddable":true,"href":"https:\/\/manisaumuthanevdeneve.com.tr\/index.php\/wp-json\/wp\/v2\/comments?post=99"}],"version-history":[{"count":1,"href":"https:\/\/manisaumuthanevdeneve.com.tr\/index.php\/wp-json\/wp\/v2\/pages\/99\/revisions"}],"predecessor-version":[{"id":102,"href":"https:\/\/manisaumuthanevdeneve.com.tr\/index.php\/wp-json\/wp\/v2\/pages\/99\/revisions\/102"}],"wp:featuredmedia":[{"embeddable":true,"href":"https:\/\/manisaumuthanevdeneve.com.tr\/index.php\/wp-json\/wp\/v2\/media\/50"}],"wp:attachment":[{"href":"https:\/\/manisaumuthanevdeneve.com.tr\/index.php\/wp-json\/wp\/v2\/media?parent=99"}],"curies":[{"name":"wp","href":"https:\/\/api.w.org\/{rel}","templated":true}]}}